{"id":6692,"date":"2022-03-12T20:12:14","date_gmt":"2022-03-12T19:12:14","guid":{"rendered":"https:\/\/www.vedettesilesdor.fr\/bons-cadeaux\/"},"modified":"2023-04-06T12:04:59","modified_gmt":"2023-04-06T10:04:59","slug":"bons-cadeaux","status":"publish","type":"page","link":"https:\/\/www.vedettesilesdor.fr\/en\/bons-cadeaux\/","title":{"rendered":"Gift vouchers"},"content":{"rendered":"<div class=\"gblock_gift relative flex\">\n      <a href=\"https:\/\/resa.vedettesilesdor.fr\/\" class=\"inset z-index\">&nbsp;<\/a>\n  \n  <div class=\"gblock_gift__media\">\n    <div class=\"gblock_gift__media__inner relative\">\n      <picture class=\"pict-fit inset\">\n                          <source\n          data-srcset=\"\"\n                    sizes=\"(min-width: 768pxpx) 100vw, 50vw\"\n                    type=\"directory\"\n        >\n\n        <img\n          data-srcset=\"\"\n          data-src=\"\"\n          alt=\"\"\n                    sizes=\"(min-width: 768pxpx) 100vw, 50vw\"\n                    class=\"lazyload \"\n                  >\n            <\/picture>\n    <\/div>\n  <\/div>\n\n  <div class=\"gblock_gift__content flex flex-col bg-color__orange\">\n    <div class=\"gblock_gift__content__top\">\n      <p class=\"gblock_gift__subtitle text-little-up\">Gift voucher valid for 1 year<\/p>\n\n      <h2 class=\"gblock_gift__title h3\">Gift voucher for Naturalist Excursion<\/h2>\n\n      <ul class=\"gblock_gift__travels\">\n                  <li>Give a dream with this discovery of Mediterranean fauna. In the heart of the P\u00e9lagos Sanctuary, go in search of dolphins, sperm whales, seabirds, turtles, tuna, swordfish, sunfish&#8230;. <\/li>\n              <\/ul>\n    <\/div>\n\n    <div class=\"gblock_gift__content__bottom relative\">\n              <a href=\"https:\/\/resa.vedettesilesdor.fr\/\" target=\"_blank\" rel=\"noopener noreferrer\" class=\"link-wave\">\n  Commander\n<\/a>\n          <\/div>\n  <\/div>\n<\/div>\n\n\n<div class=\"gblock_gift relative flex\">\n      <a href=\"https:\/\/resa.vedettesilesdor.fr\/\" class=\"inset z-index\">&nbsp;<\/a>\n  \n  <div class=\"gblock_gift__media\">\n    <div class=\"gblock_gift__media__inner relative\">\n      <picture class=\"pict-fit inset\">\n                          <source\n          data-srcset=\"\"\n                    sizes=\"(min-width: 768pxpx) 100vw, 50vw\"\n                    type=\"directory\"\n        >\n\n        <img\n          data-srcset=\"\"\n          data-src=\"\"\n          alt=\"\"\n                    sizes=\"(min-width: 768pxpx) 100vw, 50vw\"\n                    class=\"lazyload \"\n                  >\n            <\/picture>\n    <\/div>\n  <\/div>\n\n  <div class=\"gblock_gift__content flex flex-col bg-color__blue\">\n    <div class=\"gblock_gift__content__top\">\n      <p class=\"gblock_gift__subtitle text-little-up\">Gift voucher valid for 1 year<\/p>\n\n      <h2 class=\"gblock_gift__title h3\">Gift voucher for the &quot;Croisi\u00e8re Bleue&quot;<\/h2>\n\n      <ul class=\"gblock_gift__travels\">\n                  <li>This day between land and sea is a delight for the eyes, offer a perfect way to discover the region with coastal circuits from sea and walks on the &quot;\u00celes d&#039;Or&quot;<\/li>\n              <\/ul>\n    <\/div>\n\n    <div class=\"gblock_gift__content__bottom relative\">\n              <a href=\"https:\/\/resa.vedettesilesdor.fr\/\" target=\"_blank\" rel=\"noopener noreferrer\" class=\"link-wave\">\n  Commander\n<\/a>\n          <\/div>\n  <\/div>\n<\/div>\n\n\n<div class=\"gblock_gift relative flex\">\n      <a href=\"https:\/\/resa.vedettesilesdor.fr\/\" class=\"inset z-index\">&nbsp;<\/a>\n  \n  <div class=\"gblock_gift__media\">\n    <div class=\"gblock_gift__media__inner relative\">\n      <picture class=\"pict-fit inset\">\n                          <source\n          data-srcset=\"\"\n                    sizes=\"(min-width: 768pxpx) 100vw, 50vw\"\n                    type=\"directory\"\n        >\n\n        <img\n          data-srcset=\"\"\n          data-src=\"\"\n          alt=\"\"\n                    sizes=\"(min-width: 768pxpx) 100vw, 50vw\"\n                    class=\"lazyload \"\n                  >\n            <\/picture>\n    <\/div>\n  <\/div>\n\n  <div class=\"gblock_gift__content flex flex-col bg-color__blue\">\n    <div class=\"gblock_gift__content__top\">\n      <p class=\"gblock_gift__subtitle text-little-up\">Gift voucher valid for 1 year<\/p>\n\n      <h2 class=\"gblock_gift__title h3\">Gift voucher for  PORQUEROLLES<\/h2>\n\n      <ul class=\"gblock_gift__travels\">\n                  <li>Offer a visit on the pearl of &quot;Iles d\u2019Or&quot;. Succomb to the charm and the paradise of its fine sand beaches or explore its hiking trails on foot or bicycle. Porquerolles island and its varied landscapes : its authentic village, its steep cliffs and its long stretches of sand.Offrez une visite de la perle des \u00eeles avec ses plages paradisiaques, son village proven\u00e7ale, ses balades en v\u00e9los<\/li>\n              <\/ul>\n    <\/div>\n\n    <div class=\"gblock_gift__content__bottom relative\">\n              <a href=\"https:\/\/resa.vedettesilesdor.fr\/\" target=\"_blank\" rel=\"noopener noreferrer\" class=\"link-wave\">\n  Commander\n<\/a>\n          <\/div>\n  <\/div>\n<\/div>\n\n\n<div class=\"gblock_gift relative flex\">\n      <a href=\"https:\/\/resa.vedettesilesdor.fr\/\" class=\"inset z-index\">&nbsp;<\/a>\n  \n  <div class=\"gblock_gift__media\">\n    <div class=\"gblock_gift__media__inner relative\">\n      <picture class=\"pict-fit inset\">\n                          <source\n          data-srcset=\"\"\n                    sizes=\"(min-width: 768pxpx) 100vw, 50vw\"\n                    type=\"directory\"\n        >\n\n        <img\n          data-srcset=\"\"\n          data-src=\"\"\n          alt=\"\"\n                    sizes=\"(min-width: 768pxpx) 100vw, 50vw\"\n                    class=\"lazyload \"\n                  >\n            <\/picture>\n    <\/div>\n  <\/div>\n\n  <div class=\"gblock_gift__content flex flex-col bg-color__orange\">\n    <div class=\"gblock_gift__content__top\">\n      <p class=\"gblock_gift__subtitle text-little-up\">Gift voucher valid for 1 year<\/p>\n\n      <h2 class=\"gblock_gift__title h3\">Gift voucher for  PORT CROS<\/h2>\n\n      <ul class=\"gblock_gift__travels\">\n                  <li>This mysterious and captivating place is to be offered to nature lovers: walks, hikes and cristaline water are the charm of this island.<\/li>\n              <\/ul>\n    <\/div>\n\n    <div class=\"gblock_gift__content__bottom relative\">\n              <a href=\"https:\/\/resa.vedettesilesdor.fr\/\" target=\"_blank\" rel=\"noopener noreferrer\" class=\"link-wave\">\n  Commander\n<\/a>\n          <\/div>\n  <\/div>\n<\/div>\n\n\n<div class=\"gblock_gift relative flex\">\n      <a href=\"https:\/\/resa.vedettesilesdor.fr\/\" class=\"inset z-index\">&nbsp;<\/a>\n  \n  <div class=\"gblock_gift__media\">\n    <div class=\"gblock_gift__media__inner relative\">\n      <picture class=\"pict-fit inset\">\n                          <source\n          data-srcset=\"\"\n                    sizes=\"(min-width: 768pxpx) 100vw, 50vw\"\n                    type=\"directory\"\n        >\n\n        <img\n          data-srcset=\"\"\n          data-src=\"\"\n          alt=\"\"\n                    sizes=\"(min-width: 768pxpx) 100vw, 50vw\"\n                    class=\"lazyload \"\n                  >\n            <\/picture>\n    <\/div>\n  <\/div>\n\n  <div class=\"gblock_gift__content flex flex-col bg-color__yellow\">\n    <div class=\"gblock_gift__content__top\">\n      <p class=\"gblock_gift__subtitle text-little-up\">Gift voucher valid for 1 year<\/p>\n\n      <h2 class=\"gblock_gift__title h3\">Gift voucher for Gourmet escapade with tasting<\/h2>\n\n      <ul class=\"gblock_gift__travels\">\n                  <li>You are looking for a romantic evening, a promenade to start your evening, a tasting of local products&#8230; Offer conviviality with this Escapade.<\/li>\n              <\/ul>\n    <\/div>\n\n    <div class=\"gblock_gift__content__bottom relative\">\n              <a href=\"https:\/\/resa.vedettesilesdor.fr\/\" target=\"_blank\" rel=\"noopener noreferrer\" class=\"link-wave\">\n  Commander\n<\/a>\n          <\/div>\n  <\/div>\n<\/div>\n\n\n<div class=\"gblock_gift relative flex\">\n      <a href=\"https:\/\/resa.vedettesilesdor.fr\/\" class=\"inset z-index\">&nbsp;<\/a>\n  \n  <div class=\"gblock_gift__media\">\n    <div class=\"gblock_gift__media__inner relative\">\n      <picture class=\"pict-fit inset\">\n                          <source\n          data-srcset=\"\"\n                    sizes=\"(min-width: 768pxpx) 100vw, 50vw\"\n                    type=\"directory\"\n        >\n\n        <img\n          data-srcset=\"\"\n          data-src=\"\"\n          alt=\"\"\n                    sizes=\"(min-width: 768pxpx) 100vw, 50vw\"\n                    class=\"lazyload \"\n                  >\n            <\/picture>\n    <\/div>\n  <\/div>\n\n  <div class=\"gblock_gift__content flex flex-col bg-color__yellow\">\n    <div class=\"gblock_gift__content__top\">\n      <p class=\"gblock_gift__subtitle text-little-up\">Gift voucher valid for 1 year<\/p>\n\n      <h2 class=\"gblock_gift__title h3\">Gift voucher for  Saint Tropez<\/h2>\n\n      <ul class=\"gblock_gift__travels\">\n                  <li>Offer this discovery of a Saint Tropez otherwise, that is to say far from traffic jams and parking worries. The charm of the preserved coast, then the villas of stars to finally discover this mythical village to stroll through its alleys and discover its Proven\u00e7al market.<\/li>\n              <\/ul>\n    <\/div>\n\n    <div class=\"gblock_gift__content__bottom relative\">\n              <a href=\"https:\/\/resa.vedettesilesdor.fr\/\" target=\"_blank\" rel=\"noopener noreferrer\" class=\"link-wave\">\n  Commander\n<\/a>\n          <\/div>\n  <\/div>\n<\/div>\n\n\n<div class=\"gblock_gift relative flex\">\n      <a href=\"https:\/\/resa.vedettesilesdor.fr\/\" class=\"inset z-index\">&nbsp;<\/a>\n  \n  <div class=\"gblock_gift__media\">\n    <div class=\"gblock_gift__media__inner relative\">\n      <picture class=\"pict-fit inset\">\n                          <source\n          data-srcset=\"\"\n                    sizes=\"(min-width: 768pxpx) 100vw, 50vw\"\n                    type=\"directory\"\n        >\n\n        <img\n          data-srcset=\"\"\n          data-src=\"\"\n          alt=\"\"\n                    sizes=\"(min-width: 768pxpx) 100vw, 50vw\"\n                    class=\"lazyload \"\n                  >\n            <\/picture>\n    <\/div>\n  <\/div>\n\n  <div class=\"gblock_gift__content flex flex-col bg-color__blue\">\n    <div class=\"gblock_gift__content__top\">\n      <p class=\"gblock_gift__subtitle text-little-up\">Gift voucher valid for 1 year<\/p>\n\n      <h2 class=\"gblock_gift__title h3\">Gift voucher for  the &quot;voiles de Saint Tropez&quot;<\/h2>\n\n      <ul class=\"gblock_gift__travels\">\n                  <li>Sail in the Gulf of Saint Tropez following the traditional sailboats or try to pursue the modern sailboats of these grandiose regattas of the Voiles de Saint Tropez.<\/li>\n              <\/ul>\n    <\/div>\n\n    <div class=\"gblock_gift__content__bottom relative\">\n              <a href=\"https:\/\/resa.vedettesilesdor.fr\/\" target=\"_blank\" rel=\"noopener noreferrer\" class=\"link-wave\">\n  Commander\n<\/a>\n          <\/div>\n  <\/div>\n<\/div>\n","protected":false},"excerpt":{"rendered":"","protected":false},"author":9,"featured_media":0,"parent":0,"menu_order":10,"comment_status":"closed","ping_status":"closed","template":"","meta":{"_acf_changed":false,"inline_featured_image":false,"footnotes":""},"class_list":["post-6692","page","type-page","status-publish","hentry"],"acf":[],"yoast_head":"<!-- This site is optimized with the Yoast SEO plugin v27.5 - https:\/\/yoast.com\/product\/yoast-seo-wordpress\/ -->\n<title>Gift vouchers - Vedettes \u00celes d&#039;Or &amp; Le Corsaire<\/title>\n<meta name=\"robots\" content=\"index, follow, max-snippet:-1, max-image-preview:large, max-video-preview:-1\" \/>\n<link rel=\"canonical\" href=\"https:\/\/www.vedettesilesdor.fr\/en\/bons-cadeaux\/\" \/>\n<meta property=\"og:locale\" content=\"en_US\" \/>\n<meta property=\"og:type\" content=\"article\" \/>\n<meta property=\"og:title\" content=\"Gift vouchers - Vedettes \u00celes d&#039;Or &amp; Le Corsaire\" \/>\n<meta property=\"og:url\" content=\"https:\/\/www.vedettesilesdor.fr\/en\/bons-cadeaux\/\" \/>\n<meta property=\"og:site_name\" content=\"Vedettes \u00celes d&#039;Or &amp; Le Corsaire\" \/>\n<meta property=\"article:publisher\" content=\"https:\/\/www.facebook.com\/vedettesilesdoretlecorsaire\/\" \/>\n<meta property=\"article:modified_time\" content=\"2023-04-06T10:04:59+00:00\" \/>\n<meta property=\"og:image\" content=\"https:\/\/www.vedettesilesdor.fr\/wp-content\/uploads\/2022\/04\/img-2136-1024x768.jpeg\" \/>\n\t<meta property=\"og:image:width\" content=\"1024\" \/>\n\t<meta property=\"og:image:height\" content=\"768\" \/>\n\t<meta property=\"og:image:type\" content=\"image\/jpeg\" \/>\n<meta name=\"twitter:card\" content=\"summary_large_image\" \/>\n<script type=\"application\/ld+json\" class=\"yoast-schema-graph\">{\"@context\":\"https:\\\/\\\/schema.org\",\"@graph\":[{\"@type\":\"WebPage\",\"@id\":\"https:\\\/\\\/www.vedettesilesdor.fr\\\/en\\\/bons-cadeaux\\\/\",\"url\":\"https:\\\/\\\/www.vedettesilesdor.fr\\\/en\\\/bons-cadeaux\\\/\",\"name\":\"Gift vouchers - Vedettes \u00celes d&#039;Or &amp; Le Corsaire\",\"isPartOf\":{\"@id\":\"https:\\\/\\\/www.vedettesilesdor.fr\\\/en\\\/#website\"},\"datePublished\":\"2022-03-12T19:12:14+00:00\",\"dateModified\":\"2023-04-06T10:04:59+00:00\",\"breadcrumb\":{\"@id\":\"https:\\\/\\\/www.vedettesilesdor.fr\\\/en\\\/bons-cadeaux\\\/#breadcrumb\"},\"inLanguage\":\"en-US\",\"potentialAction\":[{\"@type\":\"ReadAction\",\"target\":[\"https:\\\/\\\/www.vedettesilesdor.fr\\\/en\\\/bons-cadeaux\\\/\"]}]},{\"@type\":\"BreadcrumbList\",\"@id\":\"https:\\\/\\\/www.vedettesilesdor.fr\\\/en\\\/bons-cadeaux\\\/#breadcrumb\",\"itemListElement\":[{\"@type\":\"ListItem\",\"position\":1,\"name\":\"Accueil\",\"item\":\"https:\\\/\\\/www.vedettesilesdor.fr\\\/en\\\/\"},{\"@type\":\"ListItem\",\"position\":2,\"name\":\"Gift vouchers\"}]},{\"@type\":\"WebSite\",\"@id\":\"https:\\\/\\\/www.vedettesilesdor.fr\\\/en\\\/#website\",\"url\":\"https:\\\/\\\/www.vedettesilesdor.fr\\\/en\\\/\",\"name\":\"Vedettes \u00celes d&#039;Or &amp; Le Corsaire\",\"description\":\"\",\"publisher\":{\"@id\":\"https:\\\/\\\/www.vedettesilesdor.fr\\\/en\\\/#organization\"},\"potentialAction\":[{\"@type\":\"SearchAction\",\"target\":{\"@type\":\"EntryPoint\",\"urlTemplate\":\"https:\\\/\\\/www.vedettesilesdor.fr\\\/en\\\/?s={search_term_string}\"},\"query-input\":{\"@type\":\"PropertyValueSpecification\",\"valueRequired\":true,\"valueName\":\"search_term_string\"}}],\"inLanguage\":\"en-US\"},{\"@type\":\"Organization\",\"@id\":\"https:\\\/\\\/www.vedettesilesdor.fr\\\/en\\\/#organization\",\"name\":\"Vedettes \u00celes d'Or\",\"url\":\"https:\\\/\\\/www.vedettesilesdor.fr\\\/en\\\/\",\"logo\":{\"@type\":\"ImageObject\",\"inLanguage\":\"en-US\",\"@id\":\"https:\\\/\\\/www.vedettesilesdor.fr\\\/en\\\/#\\\/schema\\\/logo\\\/image\\\/\",\"url\":\"https:\\\/\\\/www.vedettesilesdor.fr\\\/wp-content\\\/uploads\\\/2022\\\/05\\\/vildor-logo-sans-fond.png\",\"contentUrl\":\"https:\\\/\\\/www.vedettesilesdor.fr\\\/wp-content\\\/uploads\\\/2022\\\/05\\\/vildor-logo-sans-fond.png\",\"width\":1530,\"height\":566,\"caption\":\"Vedettes \u00celes d'Or\"},\"image\":{\"@id\":\"https:\\\/\\\/www.vedettesilesdor.fr\\\/en\\\/#\\\/schema\\\/logo\\\/image\\\/\"},\"sameAs\":[\"https:\\\/\\\/www.facebook.com\\\/vedettesilesdoretlecorsaire\\\/\",\"https:\\\/\\\/www.instagram.com\\\/vedettesilesdor\\\/?hl=fr\"]}]}<\/script>\n<!-- \/ Yoast SEO plugin. -->","yoast_head_json":{"title":"Gift vouchers - Vedettes \u00celes d&#039;Or &amp; Le Corsaire","robots":{"index":"index","follow":"follow","max-snippet":"max-snippet:-1","max-image-preview":"max-image-preview:large","max-video-preview":"max-video-preview:-1"},"canonical":"https:\/\/www.vedettesilesdor.fr\/en\/bons-cadeaux\/","og_locale":"en_US","og_type":"article","og_title":"Gift vouchers - Vedettes \u00celes d&#039;Or &amp; Le Corsaire","og_url":"https:\/\/www.vedettesilesdor.fr\/en\/bons-cadeaux\/","og_site_name":"Vedettes \u00celes d&#039;Or &amp; Le Corsaire","article_publisher":"https:\/\/www.facebook.com\/vedettesilesdoretlecorsaire\/","article_modified_time":"2023-04-06T10:04:59+00:00","og_image":[{"width":1024,"height":768,"url":"https:\/\/www.vedettesilesdor.fr\/wp-content\/uploads\/2022\/04\/img-2136-1024x768.jpeg","type":"image\/jpeg"}],"twitter_card":"summary_large_image","schema":{"@context":"https:\/\/schema.org","@graph":[{"@type":"WebPage","@id":"https:\/\/www.vedettesilesdor.fr\/en\/bons-cadeaux\/","url":"https:\/\/www.vedettesilesdor.fr\/en\/bons-cadeaux\/","name":"Gift vouchers - Vedettes \u00celes d&#039;Or &amp; Le Corsaire","isPartOf":{"@id":"https:\/\/www.vedettesilesdor.fr\/en\/#website"},"datePublished":"2022-03-12T19:12:14+00:00","dateModified":"2023-04-06T10:04:59+00:00","breadcrumb":{"@id":"https:\/\/www.vedettesilesdor.fr\/en\/bons-cadeaux\/#breadcrumb"},"inLanguage":"en-US","potentialAction":[{"@type":"ReadAction","target":["https:\/\/www.vedettesilesdor.fr\/en\/bons-cadeaux\/"]}]},{"@type":"BreadcrumbList","@id":"https:\/\/www.vedettesilesdor.fr\/en\/bons-cadeaux\/#breadcrumb","itemListElement":[{"@type":"ListItem","position":1,"name":"Accueil","item":"https:\/\/www.vedettesilesdor.fr\/en\/"},{"@type":"ListItem","position":2,"name":"Gift vouchers"}]},{"@type":"WebSite","@id":"https:\/\/www.vedettesilesdor.fr\/en\/#website","url":"https:\/\/www.vedettesilesdor.fr\/en\/","name":"Vedettes \u00celes d&#039;Or &amp; Le Corsaire","description":"","publisher":{"@id":"https:\/\/www.vedettesilesdor.fr\/en\/#organization"},"potentialAction":[{"@type":"SearchAction","target":{"@type":"EntryPoint","urlTemplate":"https:\/\/www.vedettesilesdor.fr\/en\/?s={search_term_string}"},"query-input":{"@type":"PropertyValueSpecification","valueRequired":true,"valueName":"search_term_string"}}],"inLanguage":"en-US"},{"@type":"Organization","@id":"https:\/\/www.vedettesilesdor.fr\/en\/#organization","name":"Vedettes \u00celes d'Or","url":"https:\/\/www.vedettesilesdor.fr\/en\/","logo":{"@type":"ImageObject","inLanguage":"en-US","@id":"https:\/\/www.vedettesilesdor.fr\/en\/#\/schema\/logo\/image\/","url":"https:\/\/www.vedettesilesdor.fr\/wp-content\/uploads\/2022\/05\/vildor-logo-sans-fond.png","contentUrl":"https:\/\/www.vedettesilesdor.fr\/wp-content\/uploads\/2022\/05\/vildor-logo-sans-fond.png","width":1530,"height":566,"caption":"Vedettes \u00celes d'Or"},"image":{"@id":"https:\/\/www.vedettesilesdor.fr\/en\/#\/schema\/logo\/image\/"},"sameAs":["https:\/\/www.facebook.com\/vedettesilesdoretlecorsaire\/","https:\/\/www.instagram.com\/vedettesilesdor\/?hl=fr"]}]}},"_links":{"self":[{"href":"https:\/\/www.vedettesilesdor.fr\/en\/wp-json\/wp\/v2\/pages\/6692","targetHints":{"allow":["GET"]}}],"collection":[{"href":"https:\/\/www.vedettesilesdor.fr\/en\/wp-json\/wp\/v2\/pages"}],"about":[{"href":"https:\/\/www.vedettesilesdor.fr\/en\/wp-json\/wp\/v2\/types\/page"}],"author":[{"embeddable":true,"href":"https:\/\/www.vedettesilesdor.fr\/en\/wp-json\/wp\/v2\/users\/9"}],"replies":[{"embeddable":true,"href":"https:\/\/www.vedettesilesdor.fr\/en\/wp-json\/wp\/v2\/comments?post=6692"}],"version-history":[{"count":3,"href":"https:\/\/www.vedettesilesdor.fr\/en\/wp-json\/wp\/v2\/pages\/6692\/revisions"}],"predecessor-version":[{"id":8335,"href":"https:\/\/www.vedettesilesdor.fr\/en\/wp-json\/wp\/v2\/pages\/6692\/revisions\/8335"}],"wp:attachment":[{"href":"https:\/\/www.vedettesilesdor.fr\/en\/wp-json\/wp\/v2\/media?parent=6692"}],"curies":[{"name":"wp","href":"https:\/\/api.w.org\/{rel}","templated":true}]}}