{"id":6645,"date":"2022-02-09T13:21:26","date_gmt":"2022-02-09T12:21:26","guid":{"rendered":"https:\/\/www.vedettesilesdor.fr\/abonnements\/"},"modified":"2022-08-30T11:00:17","modified_gmt":"2022-08-30T09:00:17","slug":"abonnements","status":"publish","type":"page","link":"https:\/\/www.vedettesilesdor.fr\/en\/abonnements\/","title":{"rendered":"Passes and reduced rates"},"content":{"rendered":"\n<h2 class=\"wp-block-heading\">Partners discounts<\/h2>\n\n\n\n<p>If you use the services of one of the hereunder mentionned companies, you are probably entitled to a discount. Ask its welcome desk&nbsp;:<\/p>\n\n\n\n<div class=\"wp-block-columns\">\n<div class=\"wp-block-column\">\n<ul class=\"wp-block-list\"><li><a href=\"https:\/\/www.csecaf.fr\/?page_id=180\" target=\"_blank\" rel=\"noreferrer noopener\">CCE AIR FRANCE<\/a><\/li><li><a href=\"https:\/\/www.campdudomaine.com\/\" target=\"_blank\" rel=\"noreferrer noopener\">CAMP DU DOMAINE<\/a><\/li><li><a href=\"https:\/\/www.campingpramousquier.com\/\" target=\"_blank\" rel=\"noreferrer noopener\">CAMPING PRAMOUSQUIER<\/a><\/li><li><a href=\"http:\/\/www.selectioncamping.com\/\" target=\"_blank\" rel=\"noreferrer noopener\">CAMPING SELECTION<\/a><\/li><li><a href=\"https:\/\/vacances-andretrigano.com\/camping\/var\/les-mimosas-le-lavandou\" target=\"_blank\" rel=\"noreferrer noopener\">CAMPING LES MIMOSAS ANDR\u00c9 TRIGANO<\/a><\/li><li><a href=\"https:\/\/www.campings.com\/fr\/camping\/campeole-le-parc-de-bormes-79836\">CAMPING LE PARC DE BORMES ANDR\u00c9 TRIGANO<\/a><\/li><li><a href=\"https:\/\/www.bonporteau.fr\/\" target=\"_blank\" rel=\"noreferrer noopener\">CAMPING BONPORTEAU<\/a><\/li><li><a href=\"https:\/\/www.campings.com\/fr\/camping\/camping-clau-mar-jo-76940\" target=\"_blank\" rel=\"noreferrer noopener\">CAMPING CLAU MAR JO<\/a><\/li><li><a href=\"https:\/\/www.camping-baie.com\/fr\/\" target=\"_blank\" rel=\"noreferrer noopener\">CAMPING DE LA BAIE<\/a><\/li><li><a href=\"https:\/\/www.campingloucabasson.com\/\">CAMPING LOU <\/a><a href=\"https:\/\/www.campingloucabasson.com\/\" target=\"_blank\" rel=\"noreferrer noopener\">CABASSON<\/a><\/li><li><a href=\"https:\/\/www.campinglapinede.com\/\" target=\"_blank\" rel=\"noreferrer noopener\">CAMPING LA PIN\u00c8DE<\/a><\/li><li><a href=\"https:\/\/www.tournels.com\/\" target=\"_blank\" rel=\"noreferrer noopener\">CAMPING LES TOURNELS<\/a><\/li><li><a href=\"https:\/\/campingmanjastre.com\/\" target=\"_blank\" rel=\"noreferrer noopener\">CAMPING MANJASTRE<\/a><\/li><li><a href=\"https:\/\/www.pachacaid.com\/\" target=\"_blank\" rel=\"noreferrer noopener\">CAMPING PACHACAID CAP FUN<\/a><\/li><li><a href=\"http:\/\/www.caravaningsaintclair.com\/\" target=\"_blank\" rel=\"noreferrer noopener\">CARAVANING SAINT CLAIR<\/a><\/li><li><a href=\"https:\/\/www.campingfrance.com\/recherchez-votre-camping\/provence-alpes-cote-dazur\/var\/le-lavandou\/saint-pons\" target=\"_blank\" rel=\"noreferrer noopener\">CAMPING SAINT PONS<\/a><\/li><li><a href=\"http:\/\/www.ccelcl.com\/medias\/b620792cdd41e416f17c2e69366e973f4adc95b6.pdf\" target=\"_blank\" rel=\"noreferrer noopener\">CCE LCL PRAMOUSQUIER<\/a><\/li><li><a href=\"https:\/\/www.crosdemouton.com\/fr\/\" target=\"_blank\" rel=\"noreferrer noopener\">CAMPING DU CROS DE MOUTON<\/a><\/li><li><a href=\"https:\/\/www.cse-cecaz.fr\/\" target=\"_blank\" rel=\"noreferrer noopener\">CSE CAISSE D\u2019EPARGNE<\/a><\/li><li><a href=\"http:\/\/www.crystal-locations.fr\/\" target=\"_blank\" rel=\"noreferrer noopener\">DOMAINE DES MAURELS<\/a><\/li><li><a href=\"https:\/\/www.domainedurayol.org\/\" target=\"_blank\" rel=\"noreferrer noopener\">DOMAINE DU RAYOL<\/a><\/li><li><a href=\"https:\/\/www.cinemasdulavandou.fr\/\" target=\"_blank\" rel=\"noreferrer noopener\">CIN\u00c9MA DU LAVANDOU<\/a><\/li><li><a href=\"https:\/\/www.goelia.com\/fr\/\" target=\"_blank\" rel=\"noreferrer noopener\">GO\u00c9LIA DOMAINE DE LA PIN\u00c8DE<\/a><\/li><li><a href=\"https:\/\/www.vacances-passion.org\/vv\/vacances\/vacances-var-le-lavandou-village-vacances-la-grande-bastide-34947\/\" target=\"_blank\" rel=\"noreferrer noopener\">VACANCES PASSION \u2013 LA GRANDE BASTIDE<\/a><\/li><li><a href=\"https:\/\/www.hotel-baptistin.com\/\" target=\"_blank\" rel=\"noreferrer noopener\">HOTEL BAPTISTIN<\/a><\/li><li><a href=\"https:\/\/ffn-naturisme.com\/\" target=\"_blank\" rel=\"noreferrer noopener\">F\u00c9D\u00c9RATION FRAN\u00c7AISE DE NATURISME<\/a><\/li><li><a href=\"https:\/\/www.villagesclubsdusoleil.com\/fr\/nos-destinations\/sejour-a-la-mer\/le-reverdi\" target=\"_blank\" rel=\"noreferrer noopener\">VILLAGE CLUB VACANCES LE REVERDI<\/a><\/li><\/ul>\n<\/div>\n\n\n\n<div class=\"wp-block-column\">\n<ul class=\"wp-block-list\"><li><a href=\"https:\/\/hotelcalifornia.fr\/\" target=\"_blank\" rel=\"noreferrer noopener\">HOTEL CALIFORNIA<\/a><\/li><li><a href=\"https:\/\/www.hoteldelafossette.com\/\" target=\"_blank\" rel=\"noreferrer noopener\">HOTEL DE LA FOSSETTE<\/a><\/li><li><a href=\"https:\/\/www.legrandpavois83.com\/\" target=\"_blank\" rel=\"noreferrer noopener\">HOTEL LE GRAND PAVOIS<\/a><\/li><li><a href=\"https:\/\/aubergedelacalanque.fr\/fr\/\" target=\"_blank\" rel=\"noreferrer noopener\">AUBERGE DE LA CALANQUE<\/a><\/li><li><a href=\"https:\/\/www.hotellavoile.fr\/fr\/\" target=\"_blank\" rel=\"noreferrer noopener\">HOTEL LA VOILE<\/a><\/li><li><a href=\"http:\/\/www.le-rabelais.fr\/\" target=\"_blank\" rel=\"noreferrer noopener\">HOTEL LE RABELAIS<\/a><\/li><li><a href=\"https:\/\/www.hotelorangeraie.com\/\" target=\"_blank\" rel=\"noreferrer noopener\">HOTEL L&#8217;ORANGERAIE<\/a><\/li><li><a href=\"https:\/\/www.interhome.fr\/france\/cote-d-azur\/le-lavandou\/?partnerid=IH1000025&amp;gclid=EAIaIQobChMIwYmL1pXL-AIV5JBoCR0npgC4EAAYASAAEgKWxPD_BwE&amp;gclsrc=aw.ds\" target=\"_blank\" rel=\"noreferrer noopener\">INTERHOME DU LAVANDOU<\/a><\/li><li><a href=\"https:\/\/www.touristravacances.com\/fiche-etablissement\/saison-ete\/bormes-les-mimosas-la-manne\" target=\"_blank\" rel=\"noreferrer noopener\">VILLAGE VACANCES LA MANNE<\/a><\/li><li><a href=\"https:\/\/www.hotel-la-petite-boheme.fr\/\" target=\"_blank\" rel=\"noreferrer noopener\">LA PETITE BOH\u00c8ME<\/a><\/li><li><a href=\"https:\/\/www.camping-var-ramatuelle.com\/\">CAMPING LA <\/a><a href=\"https:\/\/www.camping-var-ramatuelle.com\/\" target=\"_blank\" rel=\"noreferrer noopener\">ROUILL\u00c8RE<\/a><\/li><li><a href=\"https:\/\/www.campingdelatreille.com\/fr\/\" target=\"_blank\" rel=\"noreferrer noopener\">CAMPING LA TREILLE<\/a><\/li><li><a href=\"https:\/\/www.lavilladouce.com\/fr\/\" target=\"_blank\" rel=\"noreferrer noopener\">LA VILLA DOUCE<\/a><\/li><li><a href=\"https:\/\/www.odalys-vacances.com\/location-mer\/cote-d-azur\/cavalaire-sur-mer\/les-canissons.html\">ODALYS LES CANISSONS<\/a><\/li><li><a href=\"https:\/\/www.grandsgites.com\/gite-83-pins-penches-2335.htm\" target=\"_blank\" rel=\"noreferrer noopener\">LES PINS PENCH\u00c9S<\/a><\/li><li><a href=\"https:\/\/www.google.com\/search?q=levant+naturiste+association&amp;rlz=1C1GCEA_enFR997FR998&amp;ei=p1i4Yr3VB5Hia9XfhvgJ&amp;oq=LEVANT+NATURISTE+AS&amp;gs_lcp=Cgdnd3Mtd2l6EAEYADIFCCEQoAEyBQghEKABOggIABCABBCwAzoJCAAQHhCwAxAHOgsIABAeELADEAcQCjoJCAAQHhCwAxAIOgYIABAeEBY6CAgAEB4QFhAKOgIIJkoECEEYAUoECEYYAFC-DVi2MmDPO2gCcAB4AIABbYgB5QKSAQMzLjGYAQCgAQHIAQrAAQE&amp;sclient=gws-wiz\" target=\"_blank\" rel=\"noreferrer noopener\">LEVANT NATURISTE<\/a><\/li><li><a href=\"https:\/\/fondationmg.fr\/tourisme\/type\/un-sejour-a-la-mer\/mediterranee\/etablissement\/saint-aygulf\" target=\"_blank\" rel=\"noreferrer noopener\">MAISON DE LA GENDARMERIE<\/a><\/li><li><a href=\"https:\/\/www.minigolfdulavandou.com\/\" target=\"_blank\" rel=\"noreferrer noopener\">MINI GOLF DU LAVANDOU<\/a><\/li><li><a href=\"https:\/\/www.village-oustaldelmar.com\/\" target=\"_blank\" rel=\"noreferrer noopener\">L\u2019OUSTAL DEL MAR<\/a><\/li><li><a href=\"https:\/\/parcdeschenes.popinns.com\/\" target=\"_blank\" rel=\"noreferrer noopener\">PARC DES CH\u00caNES<\/a><\/li><li><a href=\"https:\/\/www.ussim-vacances.com\/\" target=\"_blank\" rel=\"noreferrer noopener\">USSIM<\/a><\/li><li><a href=\"https:\/\/vvl.org\/\" target=\"_blank\" rel=\"noreferrer noopener\">VVL VITRY<\/a><\/li><li><a href=\"https:\/\/www.sowell.fr\/hotel\/port-grimaud\/\" target=\"_blank\" rel=\"noreferrer noopener\">SOWELL FAMILY<\/a><\/li><li><a href=\"https:\/\/edenrose-grandhotel.fr\/\" target=\"_blank\" rel=\"noreferrer noopener\">EDEN ROSE GRAND HOTEL<\/a><\/li><li><a href=\"https:\/\/www.odalys-vacances.com\/location-mer\/cote-d-azur\/grimaud\/la-palmeraie.html?typevac=58#ectrans=1\" target=\"_blank\" rel=\"noreferrer noopener\">ODALYS LA PALMERAIE<\/a><\/li><li><a href=\"https:\/\/www.azur-hotel.org\/\" target=\"_blank\" rel=\"noreferrer noopener\">HOTEL AZUR<\/a><\/li><\/ul>\n<\/div>\n<\/div>\n","protected":false},"excerpt":{"rendered":"<p>Partners discounts If you use the services of one of the hereunder mentionned companies, you are probably entitled to a&#8230;<\/p>\n","protected":false},"author":9,"featured_media":0,"parent":0,"menu_order":6,"comment_status":"closed","ping_status":"closed","template":"","meta":{"_acf_changed":false,"inline_featured_image":false,"footnotes":""},"class_list":["post-6645","page","type-page","status-publish","hentry"],"acf":[],"yoast_head":"<!-- This site is optimized with the Yoast SEO plugin v27.5 - https:\/\/yoast.com\/product\/yoast-seo-wordpress\/ -->\n<title>Passes and reduced rates - Vedettes \u00celes d&#039;Or &amp; Le Corsaire<\/title>\n<meta name=\"robots\" content=\"index, follow, max-snippet:-1, max-image-preview:large, max-video-preview:-1\" \/>\n<link rel=\"canonical\" href=\"https:\/\/www.vedettesilesdor.fr\/en\/abonnements\/\" \/>\n<meta property=\"og:locale\" content=\"en_US\" \/>\n<meta property=\"og:type\" content=\"article\" \/>\n<meta property=\"og:title\" content=\"Passes and reduced rates - Vedettes \u00celes d&#039;Or &amp; Le Corsaire\" \/>\n<meta property=\"og:description\" content=\"Partners discounts If you use the services of one of the hereunder mentionned companies, you are probably entitled to a...\" \/>\n<meta property=\"og:url\" content=\"https:\/\/www.vedettesilesdor.fr\/en\/abonnements\/\" \/>\n<meta property=\"og:site_name\" content=\"Vedettes \u00celes d&#039;Or &amp; Le Corsaire\" \/>\n<meta property=\"article:publisher\" content=\"https:\/\/www.facebook.com\/vedettesilesdoretlecorsaire\/\" \/>\n<meta property=\"article:modified_time\" content=\"2022-08-30T09:00:17+00:00\" \/>\n<meta name=\"twitter:card\" content=\"summary_large_image\" \/>\n<meta name=\"twitter:label1\" content=\"Est. reading time\" \/>\n\t<meta name=\"twitter:data1\" content=\"2 minutes\" \/>\n<script type=\"application\/ld+json\" class=\"yoast-schema-graph\">{\"@context\":\"https:\\\/\\\/schema.org\",\"@graph\":[{\"@type\":\"WebPage\",\"@id\":\"https:\\\/\\\/www.vedettesilesdor.fr\\\/en\\\/abonnements\\\/\",\"url\":\"https:\\\/\\\/www.vedettesilesdor.fr\\\/en\\\/abonnements\\\/\",\"name\":\"Passes and reduced rates - Vedettes \u00celes d&#039;Or &amp; Le Corsaire\",\"isPartOf\":{\"@id\":\"https:\\\/\\\/www.vedettesilesdor.fr\\\/en\\\/#website\"},\"datePublished\":\"2022-02-09T12:21:26+00:00\",\"dateModified\":\"2022-08-30T09:00:17+00:00\",\"breadcrumb\":{\"@id\":\"https:\\\/\\\/www.vedettesilesdor.fr\\\/en\\\/abonnements\\\/#breadcrumb\"},\"inLanguage\":\"en-US\",\"potentialAction\":[{\"@type\":\"ReadAction\",\"target\":[\"https:\\\/\\\/www.vedettesilesdor.fr\\\/en\\\/abonnements\\\/\"]}]},{\"@type\":\"BreadcrumbList\",\"@id\":\"https:\\\/\\\/www.vedettesilesdor.fr\\\/en\\\/abonnements\\\/#breadcrumb\",\"itemListElement\":[{\"@type\":\"ListItem\",\"position\":1,\"name\":\"Accueil\",\"item\":\"https:\\\/\\\/www.vedettesilesdor.fr\\\/en\\\/\"},{\"@type\":\"ListItem\",\"position\":2,\"name\":\"Passes and reduced rates\"}]},{\"@type\":\"WebSite\",\"@id\":\"https:\\\/\\\/www.vedettesilesdor.fr\\\/en\\\/#website\",\"url\":\"https:\\\/\\\/www.vedettesilesdor.fr\\\/en\\\/\",\"name\":\"Vedettes \u00celes d&#039;Or &amp; Le Corsaire\",\"description\":\"\",\"publisher\":{\"@id\":\"https:\\\/\\\/www.vedettesilesdor.fr\\\/en\\\/#organization\"},\"potentialAction\":[{\"@type\":\"SearchAction\",\"target\":{\"@type\":\"EntryPoint\",\"urlTemplate\":\"https:\\\/\\\/www.vedettesilesdor.fr\\\/en\\\/?s={search_term_string}\"},\"query-input\":{\"@type\":\"PropertyValueSpecification\",\"valueRequired\":true,\"valueName\":\"search_term_string\"}}],\"inLanguage\":\"en-US\"},{\"@type\":\"Organization\",\"@id\":\"https:\\\/\\\/www.vedettesilesdor.fr\\\/en\\\/#organization\",\"name\":\"Vedettes \u00celes d'Or\",\"url\":\"https:\\\/\\\/www.vedettesilesdor.fr\\\/en\\\/\",\"logo\":{\"@type\":\"ImageObject\",\"inLanguage\":\"en-US\",\"@id\":\"https:\\\/\\\/www.vedettesilesdor.fr\\\/en\\\/#\\\/schema\\\/logo\\\/image\\\/\",\"url\":\"https:\\\/\\\/www.vedettesilesdor.fr\\\/wp-content\\\/uploads\\\/2022\\\/05\\\/vildor-logo-sans-fond.png\",\"contentUrl\":\"https:\\\/\\\/www.vedettesilesdor.fr\\\/wp-content\\\/uploads\\\/2022\\\/05\\\/vildor-logo-sans-fond.png\",\"width\":1530,\"height\":566,\"caption\":\"Vedettes \u00celes d'Or\"},\"image\":{\"@id\":\"https:\\\/\\\/www.vedettesilesdor.fr\\\/en\\\/#\\\/schema\\\/logo\\\/image\\\/\"},\"sameAs\":[\"https:\\\/\\\/www.facebook.com\\\/vedettesilesdoretlecorsaire\\\/\",\"https:\\\/\\\/www.instagram.com\\\/vedettesilesdor\\\/?hl=fr\"]}]}<\/script>\n<!-- \/ Yoast SEO plugin. -->","yoast_head_json":{"title":"Passes and reduced rates - Vedettes \u00celes d&#039;Or &amp; Le Corsaire","robots":{"index":"index","follow":"follow","max-snippet":"max-snippet:-1","max-image-preview":"max-image-preview:large","max-video-preview":"max-video-preview:-1"},"canonical":"https:\/\/www.vedettesilesdor.fr\/en\/abonnements\/","og_locale":"en_US","og_type":"article","og_title":"Passes and reduced rates - Vedettes \u00celes d&#039;Or &amp; Le Corsaire","og_description":"Partners discounts If you use the services of one of the hereunder mentionned companies, you are probably entitled to a...","og_url":"https:\/\/www.vedettesilesdor.fr\/en\/abonnements\/","og_site_name":"Vedettes \u00celes d&#039;Or &amp; Le Corsaire","article_publisher":"https:\/\/www.facebook.com\/vedettesilesdoretlecorsaire\/","article_modified_time":"2022-08-30T09:00:17+00:00","twitter_card":"summary_large_image","twitter_misc":{"Est. reading time":"2 minutes"},"schema":{"@context":"https:\/\/schema.org","@graph":[{"@type":"WebPage","@id":"https:\/\/www.vedettesilesdor.fr\/en\/abonnements\/","url":"https:\/\/www.vedettesilesdor.fr\/en\/abonnements\/","name":"Passes and reduced rates - Vedettes \u00celes d&#039;Or &amp; Le Corsaire","isPartOf":{"@id":"https:\/\/www.vedettesilesdor.fr\/en\/#website"},"datePublished":"2022-02-09T12:21:26+00:00","dateModified":"2022-08-30T09:00:17+00:00","breadcrumb":{"@id":"https:\/\/www.vedettesilesdor.fr\/en\/abonnements\/#breadcrumb"},"inLanguage":"en-US","potentialAction":[{"@type":"ReadAction","target":["https:\/\/www.vedettesilesdor.fr\/en\/abonnements\/"]}]},{"@type":"BreadcrumbList","@id":"https:\/\/www.vedettesilesdor.fr\/en\/abonnements\/#breadcrumb","itemListElement":[{"@type":"ListItem","position":1,"name":"Accueil","item":"https:\/\/www.vedettesilesdor.fr\/en\/"},{"@type":"ListItem","position":2,"name":"Passes and reduced rates"}]},{"@type":"WebSite","@id":"https:\/\/www.vedettesilesdor.fr\/en\/#website","url":"https:\/\/www.vedettesilesdor.fr\/en\/","name":"Vedettes \u00celes d&#039;Or &amp; Le Corsaire","description":"","publisher":{"@id":"https:\/\/www.vedettesilesdor.fr\/en\/#organization"},"potentialAction":[{"@type":"SearchAction","target":{"@type":"EntryPoint","urlTemplate":"https:\/\/www.vedettesilesdor.fr\/en\/?s={search_term_string}"},"query-input":{"@type":"PropertyValueSpecification","valueRequired":true,"valueName":"search_term_string"}}],"inLanguage":"en-US"},{"@type":"Organization","@id":"https:\/\/www.vedettesilesdor.fr\/en\/#organization","name":"Vedettes \u00celes d'Or","url":"https:\/\/www.vedettesilesdor.fr\/en\/","logo":{"@type":"ImageObject","inLanguage":"en-US","@id":"https:\/\/www.vedettesilesdor.fr\/en\/#\/schema\/logo\/image\/","url":"https:\/\/www.vedettesilesdor.fr\/wp-content\/uploads\/2022\/05\/vildor-logo-sans-fond.png","contentUrl":"https:\/\/www.vedettesilesdor.fr\/wp-content\/uploads\/2022\/05\/vildor-logo-sans-fond.png","width":1530,"height":566,"caption":"Vedettes \u00celes d'Or"},"image":{"@id":"https:\/\/www.vedettesilesdor.fr\/en\/#\/schema\/logo\/image\/"},"sameAs":["https:\/\/www.facebook.com\/vedettesilesdoretlecorsaire\/","https:\/\/www.instagram.com\/vedettesilesdor\/?hl=fr"]}]}},"_links":{"self":[{"href":"https:\/\/www.vedettesilesdor.fr\/en\/wp-json\/wp\/v2\/pages\/6645","targetHints":{"allow":["GET"]}}],"collection":[{"href":"https:\/\/www.vedettesilesdor.fr\/en\/wp-json\/wp\/v2\/pages"}],"about":[{"href":"https:\/\/www.vedettesilesdor.fr\/en\/wp-json\/wp\/v2\/types\/page"}],"author":[{"embeddable":true,"href":"https:\/\/www.vedettesilesdor.fr\/en\/wp-json\/wp\/v2\/users\/9"}],"replies":[{"embeddable":true,"href":"https:\/\/www.vedettesilesdor.fr\/en\/wp-json\/wp\/v2\/comments?post=6645"}],"version-history":[{"count":2,"href":"https:\/\/www.vedettesilesdor.fr\/en\/wp-json\/wp\/v2\/pages\/6645\/revisions"}],"predecessor-version":[{"id":6941,"href":"https:\/\/www.vedettesilesdor.fr\/en\/wp-json\/wp\/v2\/pages\/6645\/revisions\/6941"}],"wp:attachment":[{"href":"https:\/\/www.vedettesilesdor.fr\/en\/wp-json\/wp\/v2\/media?parent=6645"}],"curies":[{"name":"wp","href":"https:\/\/api.w.org\/{rel}","templated":true}]}}